{"id":290,"date":"2026-01-31T12:57:15","date_gmt":"2026-01-31T12:57:15","guid":{"rendered":"https:\/\/cetinkayahome.com.tr\/?post_type=product&#038;p=290"},"modified":"2026-04-09T16:33:02","modified_gmt":"2026-04-09T16:33:02","slug":"firfirli-pike","status":"publish","type":"product","link":"https:\/\/cetinkayahome.com.tr\/?product=firfirli-pike","title":{"rendered":"F\u0131rf\u0131rl\u0131 Pike"},"content":{"rendered":"","protected":false},"excerpt":{"rendered":"","protected":false},"featured_media":253,"comment_status":"open","ping_status":"closed","template":"","meta":[],"product_brand":[],"product_cat":[24],"product_tag":[],"class_list":{"0":"post-290","1":"product","2":"type-product","3":"status-publish","4":"has-post-thumbnail","6":"product_cat-nevresim","8":"first","9":"instock","10":"shipping-taxable","11":"purchasable","12":"product-type-simple"},"_links":{"self":[{"href":"https:\/\/cetinkayahome.com.tr\/index.php?rest_route=\/wp\/v2\/product\/290","targetHints":{"allow":["GET"]}}],"collection":[{"href":"https:\/\/cetinkayahome.com.tr\/index.php?rest_route=\/wp\/v2\/product"}],"about":[{"href":"https:\/\/cetinkayahome.com.tr\/index.php?rest_route=\/wp\/v2\/types\/product"}],"replies":[{"embeddable":true,"href":"https:\/\/cetinkayahome.com.tr\/index.php?rest_route=%2Fwp%2Fv2%2Fcomments&post=290"}],"wp:featuredmedia":[{"embeddable":true,"href":"https:\/\/cetinkayahome.com.tr\/index.php?rest_route=\/wp\/v2\/media\/253"}],"wp:attachment":[{"href":"https:\/\/cetinkayahome.com.tr\/index.php?rest_route=%2Fwp%2Fv2%2Fmedia&parent=290"}],"wp:term":[{"taxonomy":"product_brand","embeddable":true,"href":"https:\/\/cetinkayahome.com.tr\/index.php?rest_route=%2Fwp%2Fv2%2Fproduct_brand&post=290"},{"taxonomy":"product_cat","embeddable":true,"href":"https:\/\/cetinkayahome.com.tr\/index.php?rest_route=%2Fwp%2Fv2%2Fproduct_cat&post=290"},{"taxonomy":"product_tag","embeddable":true,"href":"https:\/\/cetinkayahome.com.tr\/index.php?rest_route=%2Fwp%2Fv2%2Fproduct_tag&post=290"}],"curies":[{"name":"wp","href":"https:\/\/api.w.org\/{rel}","templated":true}]}}